{"id":439,"date":"2013-10-12T16:56:02","date_gmt":"2013-10-12T16:56:02","guid":{"rendered":"http:\/\/mobili.webbudesign.com\/?page_id=439"},"modified":"2023-05-10T14:21:44","modified_gmt":"2023-05-10T14:21:44","slug":"home-page","status":"publish","type":"page","link":"https:\/\/www.kinderarzt-leoben.at\/mobile\/","title":{"rendered":"Home Page"},"content":{"rendered":"<div class=\"flexslider\" style=\"margin-bottom:52px!important; \"><ul class=\"slides\" data-snap-ignore=\"true\"><li><img src=\"https:\/\/www.kinderarzt-leoben.at\/mobile\/wp-content\/uploads\/2015\/04\/Fotolia_46229543_L.jpg\" width=\"3008\" height=\"1998\" class=\"wmf-img wmf-img-responsive\"><\/li><li><img src=\"https:\/\/www.kinderarzt-leoben.at\/mobile\/wp-content\/uploads\/2015\/04\/1.jpg\" width=\"1900\" height=\"1267\" class=\"wmf-img wmf-img-responsive\"><\/li><li><img src=\"https:\/\/www.kinderarzt-leoben.at\/mobile\/wp-content\/uploads\/2015\/04\/2.jpg\" width=\"1680\" height=\"1050\" class=\"wmf-img wmf-img-responsive\"><\/li><li><img src=\"https:\/\/www.kinderarzt-leoben.at\/mobile\/wp-content\/uploads\/2015\/04\/3.jpg\" width=\"1680\" height=\"1050\" class=\"wmf-img wmf-img-responsive\"><\/li><li><img src=\"https:\/\/www.kinderarzt-leoben.at\/mobile\/wp-content\/uploads\/2015\/04\/5.jpg\" width=\"1680\" height=\"1050\" class=\"wmf-img wmf-img-responsive\"><\/li><li><img src=\"https:\/\/www.kinderarzt-leoben.at\/mobile\/wp-content\/uploads\/2015\/04\/22.jpg\" width=\"1680\" height=\"1050\" class=\"wmf-img wmf-img-responsive\"><\/li><li><img src=\"https:\/\/www.kinderarzt-leoben.at\/mobile\/wp-content\/uploads\/2015\/04\/4.jpg\" width=\"1680\" height=\"1050\" class=\"wmf-img wmf-img-responsive\"><\/li><li><img src=\"https:\/\/www.kinderarzt-leoben.at\/mobile\/wp-content\/uploads\/2015\/04\/6.jpg\" width=\"1680\" height=\"1050\" class=\"wmf-img wmf-img-responsive\"><\/li><li><img src=\"https:\/\/www.kinderarzt-leoben.at\/mobile\/wp-content\/uploads\/2015\/04\/7.jpg\" width=\"1680\" height=\"1050\" class=\"wmf-img wmf-img-responsive\"><\/li><li><img src=\"https:\/\/www.kinderarzt-leoben.at\/mobile\/wp-content\/uploads\/2015\/04\/8.jpg\" width=\"1680\" height=\"1050\" class=\"wmf-img wmf-img-responsive\"><\/li><li><img src=\"https:\/\/www.kinderarzt-leoben.at\/mobile\/wp-content\/uploads\/2015\/04\/9.jpg\" width=\"1680\" height=\"1050\" class=\"wmf-img wmf-img-responsive\"><\/li><li><img src=\"https:\/\/www.kinderarzt-leoben.at\/mobile\/wp-content\/uploads\/2015\/04\/10.jpg\" width=\"1680\" height=\"1050\" class=\"wmf-img wmf-img-responsive\"><\/li><li><img src=\"https:\/\/www.kinderarzt-leoben.at\/mobile\/wp-content\/uploads\/2015\/04\/11.jpg\" width=\"1680\" height=\"1050\" class=\"wmf-img wmf-img-responsive\"><\/li><li><img src=\"https:\/\/www.kinderarzt-leoben.at\/mobile\/wp-content\/uploads\/2015\/04\/13.jpg\" width=\"1680\" height=\"1050\" class=\"wmf-img wmf-img-responsive\"><\/li><li><img src=\"https:\/\/www.kinderarzt-leoben.at\/mobile\/wp-content\/uploads\/2015\/04\/12.jpg\" width=\"1680\" height=\"1050\" class=\"wmf-img wmf-img-responsive\"><\/li><li><img src=\"https:\/\/www.kinderarzt-leoben.at\/mobile\/wp-content\/uploads\/2015\/04\/15.jpg\" width=\"1680\" height=\"1050\" class=\"wmf-img wmf-img-responsive\"><\/li><li><img src=\"https:\/\/www.kinderarzt-leoben.at\/mobile\/wp-content\/uploads\/2015\/04\/14.jpg\" width=\"1680\" height=\"1050\" class=\"wmf-img wmf-img-responsive\"><\/li><li><img src=\"https:\/\/www.kinderarzt-leoben.at\/mobile\/wp-content\/uploads\/2015\/04\/16.jpg\" width=\"1680\" height=\"1050\" class=\"wmf-img wmf-img-responsive\"><\/li><li><img src=\"https:\/\/www.kinderarzt-leoben.at\/mobile\/wp-content\/uploads\/2015\/04\/18.jpg\" width=\"1680\" height=\"1050\" class=\"wmf-img wmf-img-responsive\"><\/li><li><img src=\"https:\/\/www.kinderarzt-leoben.at\/mobile\/wp-content\/uploads\/2015\/04\/17.jpg\" width=\"1680\" height=\"1050\" class=\"wmf-img wmf-img-responsive\"><\/li><li><img src=\"https:\/\/www.kinderarzt-leoben.at\/mobile\/wp-content\/uploads\/2015\/04\/19.jpg\" width=\"1680\" height=\"1050\" class=\"wmf-img wmf-img-responsive\"><\/li><li><img src=\"https:\/\/www.kinderarzt-leoben.at\/mobile\/wp-content\/uploads\/2015\/04\/23.jpg\" width=\"1680\" height=\"1050\" class=\"wmf-img wmf-img-responsive\"><\/li><li><img src=\"https:\/\/www.kinderarzt-leoben.at\/mobile\/wp-content\/uploads\/2015\/04\/24.jpg\" width=\"1680\" height=\"1050\" class=\"wmf-img wmf-img-responsive\"><\/li><li><img src=\"https:\/\/www.kinderarzt-leoben.at\/mobile\/wp-content\/uploads\/2015\/04\/21.jpg\" width=\"1680\" height=\"1050\" class=\"wmf-img wmf-img-responsive\"><\/li><li><img src=\"https:\/\/www.kinderarzt-leoben.at\/mobile\/wp-content\/uploads\/2015\/04\/20.jpg\" width=\"1680\" height=\"1050\" class=\"wmf-img wmf-img-responsive\"><\/li><\/ul><a href=\"#\" target=\"_blank\" class=\"wmfslider_midicon\" style=\"border: #fdcc23 6px solid!important; background:#dd9933!important; \"><img style=\"border-radius: 200px;\" src=\"http:\/\/www.kinderarzt-leoben.at\/mobile\/wp-content\/uploads\/2015\/04\/portrait.jpg\"\/><\/a><\/div><script>\n\t\t(function($) {\n\t\t\t\n\t\t\t$(window).load(function(){\n\t\t\t\t\n\t\t\t\t$(\".flexslider\").flexslider({\n\t\t\t\t\tanimation: \"slide\",\n\t\t\t\t\tanimationLoop: true,\n\t\t\t\t\tslideshowSpeed: 5000,\n\t\t\t\t\tanimationSpeed: 600,\n\t\t\t\t\teasing: \"swing\",\n\t\t\t\t\tdirectionNav: false,\n\t\t\t\t\tcontrolNav: false,\n\t\t\t\t\tmousewheel: false,\n\t\t\t\t\tdirection: \"horizontal\",\n\t\t\t\t\tthumbCaptions: true\n\t\t\t\t});\n\t\t\t\n\t\t\t});\n\t\t\t\n\t\t})(jQuery);\n\t\t<\/script>\n<div class=\"wmffcontainer\"><div class=\"wmffrow\"><div class=\"wmffcol-lg-12\">\n<p style=\"text-align: center;\"><div class=\"wmf_separator separator_center \"><div style=\"font-size:24px\"><strong>Dr. Gernot Wurm<\/strong><\/div><\/div>\n<h5 style=\"text-align: center;\">Facharzt f\u00fcr Kinder- &amp; Jugendheilkunde<\/h5>\n<h3 style=\"text-align: center;\">Neues Medikamentenbestellsystem:<\/h3>\n<div class=\"x11i5rnm xat24cr x1mh8g0r x1vvkbs xtlvy1s x126k92a\">\n<div dir=\"auto\" style=\"text-align: justify;\">wir haben unser System f\u00fcr Rezeptbestellungen umgestellt. Um Ihnen mehr Service bieten zu k\u00f6nnen und den Workflow unserer Ordination deutlich zu entlasten, verwenden wir nun das neue Tool mit dem Namen &#8222;RezeptBox&#8220;. Sie finden es auf auf folgender Website unter:<\/div>\n<div dir=\"auto\" style=\"text-align: center;\"><\/div>\n<div dir=\"auto\" style=\"text-align: center;\">\n<p><a class=\"x1i10hfl xjbqb8w x6umtig x1b1mbwd xaqea5y xav7gou x9f619 x1ypdohk xt0psk2 xe8uvvx xdj266r x11i5rnm xat24cr x1mh8g0r xexx8yu x4uap5 x18d9i69 xkhd6sd x16tdsg8 x1hl2dhg xggy1nq x1a2a7pz xt0b8zv x1fey0fg\" tabindex=\"0\" role=\"link\" href=\"http:\/\/rezeptbox.windoc.online\/dr-wurm\" target=\"_blank\" rel=\"nofollow noopener\">rezeptbox.windoc.online\/dr-wurm<\/a><\/p>\n<\/div>\n<\/div>\n<div class=\"x11i5rnm xat24cr x1mh8g0r x1vvkbs xtlvy1s x126k92a\" style=\"text-align: justify;\">\n<div dir=\"auto\" style=\"text-align: center;\"><\/div>\n<div dir=\"auto\">Durch das innovative Tool ist es m\u00f6glich, Bestellungen datenschutzkonform an unsere Ordination zu \u00fcbermitteln. Sie ben\u00f6tigen dazu eine pers\u00f6nliche ID-Nummer, die Sie von uns auf Nachfrage in der Praxis erhalten. Mit dieser k\u00f6nnen die ben\u00f6tigten Rezepte k\u00fcnftig v\u00f6llig anonym online bestellt werden. Diese ID-Nummer ist nur Ihnen und der Ordination bekannt. Die Zuordnung der Daten geschieht erst bei uns in der Ordination.<\/div>\n<\/div>\n<div class=\"x11i5rnm xat24cr x1mh8g0r x1vvkbs xtlvy1s x126k92a\" style=\"text-align: justify;\">\n<div dir=\"auto\">Nach erfolgreichem Absenden der Bestellung erhalten Sie einen Code zur Abfrage des Bestellstatus (z.B. VTM4G). Mit diesem Code k\u00f6nnen Sie jederzeit \u00fcberpr\u00fcfen, ob Sich die Bestellung bereits auf der eCard befindet. (<a class=\"x1i10hfl xjbqb8w x6umtig x1b1mbwd xaqea5y xav7gou x9f619 x1ypdohk xt0psk2 xe8uvvx xdj266r x11i5rnm xat24cr x1mh8g0r xexx8yu x4uap5 x18d9i69 xkhd6sd x16tdsg8 x1hl2dhg xggy1nq x1a2a7pz xt0b8zv x1fey0fg\" tabindex=\"0\" role=\"link\" href=\"http:\/\/rezeptbox.windoc.online\" target=\"_blank\" rel=\"nofollow noopener\">rezeptbox.windoc.online<\/a>)<\/div>\n<\/div>\n<div class=\"x11i5rnm xat24cr x1mh8g0r x1vvkbs xtlvy1s x126k92a\" style=\"text-align: justify;\">\n<div dir=\"auto\">Die Bestellungen werden \u00fcblicherweise in den n\u00e4chsten zwei Ordinationstagen bearbeitet, auf Ihre eCard gespeichert und k\u00f6nnen damit in einer Apotheke Ihrer Wahl abgeholt werden.<\/div>\n<\/div>\n<div class=\"x11i5rnm xat24cr x1mh8g0r x1vvkbs xtlvy1s x126k92a\" style=\"text-align: justify;\">\n<div dir=\"auto\">Bitte nutzen Sie diesen Service, um die Telefonleitungen und unsere Mitarbeiterinnen zu entlasten!<\/div>\n<\/div>\n<div class=\"x11i5rnm xat24cr x1mh8g0r x1vvkbs xtlvy1s x126k92a\" style=\"text-align: justify;\">\n<div dir=\"auto\">Hinweis: Wir danken unserer Software-Firma <a class=\"x1i10hfl xjbqb8w x6umtig x1b1mbwd xaqea5y xav7gou x9f619 x1ypdohk xt0psk2 xe8uvvx xdj266r x11i5rnm xat24cr x1mh8g0r xexx8yu x4uap5 x18d9i69 xkhd6sd x16tdsg8 x1hl2dhg xggy1nq x1a2a7pz xt0b8zv x1qq9wsj xo1l8bm\" tabindex=\"0\" role=\"link\" href=\"https:\/\/www.facebook.com\/edvklein?__cft__&#091;0&#093;=AZXOp9gnx0C1D3PRECMBiD_zqkgRGG7avHu4khxtP1CdCGpsviN9c032hAT0pCpBQ72fk3a_BZrJIrAVHlMuu3A9Gk4DUpvkJxO2oJESwpt5yfDem_TPHCzTR16nj5E6jthKOJYkV9fMGF9mp4-Dt7IeR4-MB9NzbmF8ZpY7dLVtTAYGyuUHpXw5RQ3xCfPboRM&amp;__tn__=-&#093;K-R\"><span class=\"xt0psk2\">EDV Klein GmbH<\/span><\/a> f\u00fcr die Entwicklung und Bereitstellung der RezeptBox! Es handelt sich derzeit noch um einen brandneuen Service, und unsere Ordination nimmt an einem ersten Testlauf teil. Es kann daher sein, dass noch \u00c4nderungen an diesem System vorgenommen werden. Wir bitten auch um Verst\u00e4ndnis, falls im Testbetrieb Fehler auftreten.<\/div>\n<\/div>\n<div class=\"x11i5rnm xat24cr x1mh8g0r x1vvkbs xtlvy1s x126k92a\">\n<div dir=\"auto\" style=\"text-align: justify;\">Optimierungsvorschl\u00e4ge werden gerne entgegengenommen. Wir bitten Sie ausdr\u00fccklich um Ihr Feedback in Bezug auf das neue Tool. Falls Sie Fragen zur RezeptBox haben, hilft Ihnen unser Orditeam gerne weiter.<\/div>\n<\/div>\n<div dir=\"auto\"><\/div>\n<div dir=\"auto\">\n<h3><div id=\"Gallery\"><div class=\"wmf-container\"><div class=\"wmf-row\"><\/div><div class=\"wmf-row\">\n\t\t\t<div class=\"wmf-col-xs-6\">\n\t\t\t<div class=\"wmfthumbnail\">\n\t\t\t\t\t\t<a href=\"http:\/\/www.kinderarzt-leoben.at\/mobile\/?page_id=973\">\n\t\t\t\t\t\n\t\t\t\t\t<img src=\"https:\/\/www.kinderarzt-leoben.at\/mobile\/wp-content\/uploads\/2015\/04\/Leistungen.png\" width=\"171\" height=\"115\" class=\"wmf-img wmf-img-responsive \">\n\t\t\t\t\n\t\t\t\t<\/a>\n\t\t\t<div class=\"caption\" style=\"background: #969696;padding-left: 8px;padding-right: 8px;color: #ffffff;border-bottom-left-radius: 6px;border-bottom-right-radius: 6px;\">\n\t\t\t\t\t\t\t<a href=\"http:\/\/www.kinderarzt-leoben.at\/mobile\/?page_id=973\">\n\t\t\t\t\t\t<p class=\"title\" style=\"background: #969696;color: #ffffff;\">Leistungen<\/p><\/a><\/div><\/div><\/div>\n\t\t\t<div class=\"wmf-col-xs-6\">\n\t\t\t<div class=\"wmfthumbnail\">\n\t\t\t\t\t\t<a href=\"http:\/\/www.kinderarzt-leoben.at\/mobile\/?page_id=124\">\n\t\t\t\t\t\n\t\t\t\t\t<img src=\"https:\/\/www.kinderarzt-leoben.at\/mobile\/wp-content\/uploads\/2015\/04\/Neuigkeiten.png\" width=\"171\" height=\"115\" class=\"wmf-img wmf-img-responsive \">\n\t\t\t\t\n\t\t\t\t<\/a>\n\t\t\t<div class=\"caption\" style=\"background: #969696;padding-left: 8px;padding-right: 8px;color: #ffffff;border-bottom-left-radius: 6px;border-bottom-right-radius: 6px;\">\n\t\t\t\t\t\t\t<a href=\"http:\/\/www.kinderarzt-leoben.at\/mobile\/?page_id=124\">\n\t\t\t\t\t\t<p class=\"title\" style=\"background: #969696;color: #ffffff;\">Neuigkeiten<\/p><\/a><\/div><\/div><\/div><\/div><div class=\"wmf-row\">\n\t\t\t<div class=\"wmf-col-xs-6\">\n\t\t\t<div class=\"wmfthumbnail\">\n\t\t\t\t\t\t<a href=\"http:\/\/www.kinderarzt-leoben.at\/mobile\/?page_id=126\">\n\t\t\t\t\t\n\t\t\t\t\t<img src=\"https:\/\/www.kinderarzt-leoben.at\/mobile\/wp-content\/uploads\/2015\/04\/Team.png\" width=\"171\" height=\"115\" class=\"wmf-img wmf-img-responsive \">\n\t\t\t\t\n\t\t\t\t<\/a>\n\t\t\t<div class=\"caption\" style=\"background: #969696;padding-left: 8px;padding-right: 8px;color: #ffffff;border-bottom-left-radius: 6px;border-bottom-right-radius: 6px;\">\n\t\t\t\t\t\t\t<a href=\"http:\/\/www.kinderarzt-leoben.at\/mobile\/?page_id=126\">\n\t\t\t\t\t\t<p class=\"title\" style=\"background: #969696;color: #ffffff;\">Team<\/p><\/a><\/div><\/div><\/div>\n\t\t\t<div class=\"wmf-col-xs-6\">\n\t\t\t<div class=\"wmfthumbnail\">\n\t\t\t\t\t\t<a href=\"http:\/\/www.kinderarzt-leoben.at\/mobile\/?page_id=141\">\n\t\t\t\t\t\n\t\t\t\t\t<img src=\"https:\/\/www.kinderarzt-leoben.at\/mobile\/wp-content\/uploads\/2015\/04\/Ordinationszeiten.png\" width=\"171\" height=\"115\" class=\"wmf-img wmf-img-responsive \">\n\t\t\t\t\n\t\t\t\t<\/a>\n\t\t\t<div class=\"caption\" style=\"background: #969696;padding-left: 8px;padding-right: 8px;color: #ffffff;border-bottom-left-radius: 6px;border-bottom-right-radius: 6px;\">\n\t\t\t\t\t\t\t<a href=\"http:\/\/www.kinderarzt-leoben.at\/mobile\/?page_id=141\">\n\t\t\t\t\t\t<p class=\"title\" style=\"background: #969696;color: #ffffff;\">Ordinationszeiten<\/p><\/a><\/div><\/div><\/div><\/div><\/div><\/div><\/h3>\n<\/div>\n<\/div><\/div><\/div>\n<div class=\"x11i5rnm xat24cr x1mh8g0r x1vvkbs xtlvy1s x126k92a\">\n<div dir=\"auto\"><\/div>\n<\/div>\n<p style=\"text-align: center;\">\n","protected":false},"excerpt":{"rendered":"","protected":false},"author":3,"featured_media":0,"parent":0,"menu_order":0,"comment_status":"open","ping_status":"closed","template":"","meta":[],"acf":[],"_links":{"self":[{"href":"https:\/\/www.kinderarzt-leoben.at\/mobile\/index.php?rest_route=\/wp\/v2\/pages\/439"}],"collection":[{"href":"https:\/\/www.kinderarzt-leoben.at\/mobile\/index.php?rest_route=\/wp\/v2\/pages"}],"about":[{"href":"https:\/\/www.kinderarzt-leoben.at\/mobile\/index.php?rest_route=\/wp\/v2\/types\/page"}],"author":[{"embeddable":true,"href":"https:\/\/www.kinderarzt-leoben.at\/mobile\/index.php?rest_route=\/wp\/v2\/users\/3"}],"replies":[{"embeddable":true,"href":"https:\/\/www.kinderarzt-leoben.at\/mobile\/index.php?rest_route=%2Fwp%2Fv2%2Fcomments&post=439"}],"version-history":[{"count":19,"href":"https:\/\/www.kinderarzt-leoben.at\/mobile\/index.php?rest_route=\/wp\/v2\/pages\/439\/revisions"}],"predecessor-version":[{"id":1374,"href":"https:\/\/www.kinderarzt-leoben.at\/mobile\/index.php?rest_route=\/wp\/v2\/pages\/439\/revisions\/1374"}],"wp:attachment":[{"href":"https:\/\/www.kinderarzt-leoben.at\/mobile\/index.php?rest_route=%2Fwp%2Fv2%2Fmedia&parent=439"}],"curies":[{"name":"wp","href":"https:\/\/api.w.org\/{rel}","templated":true}]}}