{"id":1208,"date":"2018-12-26T22:36:13","date_gmt":"2018-12-26T22:36:13","guid":{"rendered":"http:\/\/www.kinderarzt-leoben.at\/mobile\/?page_id=1208"},"modified":"2018-12-26T22:36:13","modified_gmt":"2018-12-26T22:36:13","slug":"datenschutzerklaerung","status":"publish","type":"page","link":"https:\/\/www.kinderarzt-leoben.at\/mobile\/?page_id=1208","title":{"rendered":"Datenschutzerkl\u00e4rung"},"content":{"rendered":"\n<p>\nDie\n Betreiber dieser Seiten nehmen den Schutz Ihrer pers\u00f6nlichen Daten sehr\n ernst. Wir behandeln Ihre personenbezogenen Daten vertraulich und \nentsprechend der gesetzlichen Datenschutzvorschriften sowie dieser \nDatenschutzerkl\u00e4rung.<br>\n\nDie Nutzung unserer Webseite ist in der Regel ohne Angabe \npersonenbezogener Daten m\u00f6glich. Soweit auf unseren Seiten \npersonenbezogene Daten (beispielsweise Name, Anschrift oder \nE-Mail-Adressen) erhoben werden, erfolgt dies, soweit m\u00f6glich, stets auf\n freiwilliger Basis. Diese Daten werden ohne Ihre ausdr\u00fcckliche \nZustimmung nicht an Dritte weitergegeben.<br>\n\nWir weisen darauf hin, dass die Daten\u00fcbertragung im Internet (z.B. bei \nder Kommunikation per E-Mail) Sicherheitsl\u00fccken aufweisen kann. Ein \nl\u00fcckenloser Schutz der Daten vor dem Zugriff durch Dritte ist nicht \nm\u00f6glich.<\/p>\n\n\n\n<p><strong>Cookies<\/strong><br>\n\nDie Internetseiten verwenden teilweise so genannte Cookies. Cookies \nrichten auf Ihrem Rechner keinen Schaden an und enthalten keine Viren. \nCookies dienen dazu, unser Angebot nutzerfreundlicher, effektiver und \nsicherer zu machen. Cookies sind kleine Textdateien, die auf Ihrem \nRechner abgelegt werden und die Ihr Browser speichert.<br>\n\nDie meisten der von uns verwendeten Cookies sind so genannte \n\u201eSession-Cookies\u201c. Sie werden nach Ende Ihres Besuchs automatisch \ngel\u00f6scht. Andere Cookies bleiben auf Ihrem Endger\u00e4t gespeichert, bis Sie\n diese l\u00f6schen. Diese Cookies erm\u00f6glichen es uns, Ihren Browser beim \nn\u00e4chsten Besuch wiederzuerkennen.<br>\n\nSie k\u00f6nnen Ihren Browser so einstellen, dass Sie \u00fcber das Setzen von \nCookies informiert werden und Cookies nur im Einzelfall erlauben, die \nAnnahme von Cookies f\u00fcr bestimmte F\u00e4lle oder generell ausschlie\u00dfen sowie\n das automatische L\u00f6schen der Cookies beim Schlie\u00dfen des Browser \naktivieren. Bei der Deaktivierung von Cookies kann die Funktionalit\u00e4t \ndieser Website eingeschr\u00e4nkt sein.<\/p>\n\n\n\n<p><strong>Server-Log-Files<\/strong><br>\nDer Provider der Seiten erhebt und speichert automatisch Informationen \nin so genannten Server-Log Files, die Ihr Browser automatisch an uns \n\u00fcbermittelt. Dies sind:\n<br>\n    &#8211; Browsertyp\/ Browserversion<br>\n    &#8211; verwendetes Betriebssystem<br>\n    &#8211; Referrer URL<br>\n    &#8211; Hostname des zugreifenden Rechners<br>\n    &#8211; Uhrzeit der Serveranfrage<br>\n\nDiese Daten sind nicht bestimmten Personen zuordenbar. Eine \nZusammenf\u00fchrung dieser Daten mit anderen Datenquellen wird nicht \nvorgenommen. Wir behalten uns vor, diese Daten nachtr\u00e4glich zu pr\u00fcfen, \nwenn uns konkrete Anhaltspunkte f\u00fcr eine rechtswidrige Nutzung bekannt \nwerden.<br><strong>Kontaktformular<\/strong><br>\n\nWenn Sie uns per Kontaktformular Anfragen zukommen lassen, werden Ihre \nAngaben aus dem Anfrageformular inklusive der von Ihnen dort angegebenen\n Kontaktdaten zwecks Bearbeitung der Anfrage und f\u00fcr den Fall von \nAnschlussfragen bei uns gespeichert. Diese Daten geben wir nicht ohne \nIhre Einwilligung weiter.<\/p>\n\n\n\n<p><strong>Datenschutzerkl\u00e4rung f\u00fcr die Nutzung von Google Analytics<\/strong><br>\n\nDiese Website nutzt Funktionen des Webanalysedienstes Google Analytics. \nAnbieter ist die Google Inc. 1600 Amphitheatre Parkway Mountain View, CA\n 94043, USA. Google Analytics verwendet sog. \u201cCookies\u201d. Das sind \nTextdateien, die auf Ihrem Computer gespeichert werden und die eine \nAnalyse der Benutzung der Website durch Sie erm\u00f6glichen. Die durch den \nCookie erzeugten Informationen \u00fcber Ihre Benutzung dieser Website werden\n in der Regel an einen Server von Google in den USA \u00fcbertragen und dort \ngespeichert.<br>\n\nIm Falle der Aktivierung der IP-Anonymisierung auf dieser Webseite wird \nIhre IP-Adresse von Google jedoch innerhalb von Mitgliedstaaten der \nEurop\u00e4ischen Union oder in anderen Vertragsstaaten des Abkommens \u00fcber \nden Europ\u00e4ischen Wirtschaftsraum zuvor gek\u00fcrzt. Nur in Ausnahmef\u00e4llen \nwird die volle IP-Adresse an einen Server von Google in den USA \n\u00fcbertragen und dort gek\u00fcrzt. Im Auftrag des Betreibers dieser Website \nwird Google diese Informationen benutzen, um Ihre Nutzung der Website \nauszuwerten, um Reports \u00fcber die Websiteaktivit\u00e4ten zusammenzustellen \nund um weitere mit der Websitenutzung und der Internetnutzung verbundene\n Dienstleistungen gegen\u00fcber dem Websitebetreiber zu erbringen. Die im \nRahmen von Google Analytics von Ihrem Browser \u00fcbermittelte IP-Adresse \nwird nicht mit anderen Daten von Google zusammengef\u00fchrt.<br>\n\nSie k\u00f6nnen die Speicherung der Cookies durch eine entsprechende \nEinstellung Ihrer Browser-Software verhindern; wir weisen Sie jedoch \ndarauf hin, dass Sie in diesem Fall gegebenenfalls nicht s\u00e4mtliche \nFunktionen dieser Website vollumf\u00e4nglich werden nutzen k\u00f6nnen. Sie \nk\u00f6nnen dar\u00fcber hinaus die Erfassung der durch das Cookie erzeugten und \nauf Ihre Nutzung der Website bezogenen Daten (inkl. Ihrer IP-Adresse) an\n Google sowie die Verarbeitung dieser Daten durch Google verhindern, \nindem sie das unter dem folgenden Link verf\u00fcgbare Browser-Plugin \nherunterladen und installieren: \nhttp:\/\/tools.google.com\/dlpage\/gaoptout?hl=de<br><strong>Datenschutzerkl\u00e4rung f\u00fcr die Nutzung von Facebook-Plugins (Like-Button)<\/strong><br>\n\nAuf unseren Seiten sind Plugins des sozialen Netzwerks Facebook, \nAnbieter Facebook Inc., 1 Hacker Way, Menlo Park, California 94025, USA,\n integriert. Die Facebook-Plugins erkennen Sie an dem Facebook-Logo oder\n dem \u201cLike-Button\u201d (\u201cGef\u00e4llt mir\u201d) auf unserer Seite. Eine \u00dcbersicht \n\u00fcber die Facebook-Plugins finden Sie hier: \nhttp:\/\/developers.facebook.com\/docs\/plugins\/.\n\nWenn Sie unsere Seiten besuchen, wird \u00fcber das Plugin eine direkte \nVerbindung zwischen Ihrem Browser und dem Facebook-Server hergestellt. \nFacebook erh\u00e4lt dadurch die Information, dass Sie mit Ihrer IP-Adresse \nunsere Seite besucht haben. Wenn Sie den Facebook \u201cLike-Button\u201d \nanklicken w\u00e4hrend Sie in Ihrem Facebook-Account eingeloggt sind, k\u00f6nnen \nSie die Inhalte unserer Seiten auf Ihrem Facebook-Profil verlinken. \nDadurch kann Facebook den Besuch unserer Seiten Ihrem Benutzerkonto \nzuordnen. Wir weisen darauf hin, dass wir als Anbieter der Seiten keine \nKenntnis vom Inhalt der \u00fcbermittelten Daten sowie deren Nutzung durch \nFacebook erhalten. Weitere Informationen hierzu finden Sie in der \nDatenschutzerkl\u00e4rung von Facebook unter \nhttp:\/\/de-de.facebook.com\/policy.php.<br>\n\nWenn Sie nicht w\u00fcnschen, dass Facebook den Besuch unserer Seiten Ihrem \nFacebook- Nutzerkonto zuordnen kann, loggen Sie sich bitte aus Ihrem \nFacebook-Benutzerkonto aus.<\/p>\n\n\n\n<p><strong>Datenschutzerkl\u00e4rung f\u00fcr die Nutzung von Twitter<\/strong><br>\n\nAuf unseren Seiten sind Funktionen des Dienstes Twitter eingebunden. \nDiese Funktionen werden angeboten durch die Twitter Inc., 1355 Market \nStreet, Suite 900, San Francisco, CA 94103, USA. Durch das Benutzen von \nTwitter und der Funktion \u201cRe-Tweet\u201d werden die von Ihnen besuchten \nWebseiten mit Ihrem Twitter-Account verkn\u00fcpft und anderen Nutzern \nbekannt gegeben. Dabei werden auch Daten an Twitter \u00fcbertragen. Wir \nweisen darauf hin, dass wir als Anbieter der Seiten keine Kenntnis vom \nInhalt der \u00fcbermittelten Daten sowie deren Nutzung durch Twitter \nerhalten. Weitere Informationen hierzu finden Sie in der \nDatenschutzerkl\u00e4rung von Twitter unter http:\/\/twitter.com\/privacy.<br>\n\nIhre Datenschutzeinstellungen bei Twitter k\u00f6nnen Sie in den \nKonto-Einstellungen unter http:\/\/twitter.com\/account\/settings \u00e4ndern.<\/p>\n\n\n\n<p><strong>Datenschutzerkl\u00e4rung f\u00fcr die Nutzung von Google +1<\/strong><br>\n\nUnsere Seiten nutzen Funktionen von Google +1. Anbieter ist die Google \nInc. 1600 Amphitheatre Parkway Mountain View, CA 94043, USA.<br>\n\nErfassung und Weitergabe von Informationen: Mithilfe der Google \n+1-Schaltfl\u00e4che k\u00f6nnen Sie Informationen weltweit ver\u00f6ffentlichen. \u00fcber \ndie Google +1-Schaltfl\u00e4che erhalten Sie und andere Nutzer \npersonalisierte Inhalte von Google und unseren Partnern. Google \nspeichert sowohl die Information, dass Sie f\u00fcr einen Inhalt +1 gegeben \nhaben, als auch Informationen \u00fcber die Seite, die Sie beim Klicken auf \n+1 angesehen haben. Ihre +1 k\u00f6nnen als Hinweise zusammen mit Ihrem \nProfilnamen und Ihrem Foto in Google-Diensten, wie etwa in \nSuchergebnissen oder in Ihrem Google-Profil, oder an anderen Stellen auf\n Websites und Anzeigen im Internet eingeblendet werden. Google zeichnet \nInformationen \u00fcber Ihre +1-Aktivit\u00e4ten auf, um die Google-Dienste f\u00fcr \nSie und andere zu verbessern. Um die Google +1-Schaltfl\u00e4che verwenden zu\n k\u00f6nnen, ben\u00f6tigen Sie ein weltweit sichtbares, \u00f6ffentliches \nGoogle-Profil, das zumindest den f\u00fcr das Profil gew\u00e4hlten Namen \nenthalten muss. Dieser Name wird in allen Google-Diensten verwendet. In \nmanchen F\u00e4llen kann dieser Name auch einen anderen Namen ersetzen, den \nSie beim Teilen von Inhalten \u00fcber Ihr Google-Konto verwendet haben. Die \nIdentit\u00e4t Ihres Google- Profils kann Nutzern angezeigt werden, die Ihre \nE-Mail-Adresse kennen oder \u00fcber andere identifizierende Informationen \nvon Ihnen verf\u00fcgen.<br>\n\nVerwendung der erfassten Informationen: Neben den oben erl\u00e4uterten \nVerwendungszwecken werden die von Ihnen bereitgestellten Informationen \ngem\u00e4\u00df den geltenden Google-Datenschutzbestimmungen genutzt. Google \nver\u00f6ffentlicht m\u00f6glicherweise zusammengefasste Statistiken \u00fcber die \n+1-Aktivit\u00e4ten der Nutzer bzw. gibt diese an Nutzer und Partner weiter, \nwie etwa Publisher, Inserenten oder verbundene Websites.<br><strong>Auskunft, L\u00f6schung, Sperrung<\/strong><br>\n\nSie haben jederzeit das Recht auf unentgeltliche Auskunft \u00fcber Ihre \ngespeicherten personenbezogenen Daten, deren Herkunft und Empf\u00e4nger und \nden Zweck der Datenverarbeitung sowie ein Recht auf Berichtigung, \nSperrung oder L\u00f6schung dieser Daten. Hierzu sowie zu weiteren Fragen zum\n Thema personenbezogene Daten k\u00f6nnen Sie sich jederzeit unter der im \nImpressum angegebenen Adresse an uns wenden.<\/p>\n\n\n\n<p><strong>Widerspruch Werbe-Mails<\/strong><br>\n\nDer Nutzung von im Rahmen der Impressumspflicht ver\u00f6ffentlichten \nKontaktdaten zur \u00dcbersendung von nicht ausdr\u00fccklich angeforderter \nWerbung und Informationsmaterialien wird hiermit widersprochen. Die \nBetreiber der Seiten behalten sich ausdr\u00fccklich rechtliche Schritte im \nFalle der unverlangten Zusendung von Werbeinformationen, etwa durch \nSpam-E-Mails, vor.\n\n        \n\n<\/p>\n","protected":false},"excerpt":{"rendered":"<p>Die Betreiber dieser Seiten nehmen den Schutz Ihrer pers\u00f6nlichen Daten sehr ernst. Wir behandeln Ihre personenbezogenen Daten vertraulich und entsprechend der gesetzlichen Datenschutzvorschriften sowie dieser Datenschutzerkl\u00e4rung. Die Nutzung unserer Webseite ist in der Regel ohne Angabe personenbezogener Daten m\u00f6glich. Soweit auf unseren Seiten personenbezogene Daten (beispielsweise Name, Anschrift oder E-Mail-Adressen) erhoben werden, erfolgt dies, soweit&#8230; <a class=\"view-article\" href=\"https:\/\/www.kinderarzt-leoben.at\/mobile\/?page_id=1208\">View Article<\/a><\/p>\n","protected":false},"author":3,"featured_media":0,"parent":0,"menu_order":0,"comment_status":"closed","ping_status":"closed","template":"","meta":[],"acf":[],"_links":{"self":[{"href":"https:\/\/www.kinderarzt-leoben.at\/mobile\/index.php?rest_route=\/wp\/v2\/pages\/1208"}],"collection":[{"href":"https:\/\/www.kinderarzt-leoben.at\/mobile\/index.php?rest_route=\/wp\/v2\/pages"}],"about":[{"href":"https:\/\/www.kinderarzt-leoben.at\/mobile\/index.php?rest_route=\/wp\/v2\/types\/page"}],"author":[{"embeddable":true,"href":"https:\/\/www.kinderarzt-leoben.at\/mobile\/index.php?rest_route=\/wp\/v2\/users\/3"}],"replies":[{"embeddable":true,"href":"https:\/\/www.kinderarzt-leoben.at\/mobile\/index.php?rest_route=%2Fwp%2Fv2%2Fcomments&post=1208"}],"version-history":[{"count":1,"href":"https:\/\/www.kinderarzt-leoben.at\/mobile\/index.php?rest_route=\/wp\/v2\/pages\/1208\/revisions"}],"predecessor-version":[{"id":1209,"href":"https:\/\/www.kinderarzt-leoben.at\/mobile\/index.php?rest_route=\/wp\/v2\/pages\/1208\/revisions\/1209"}],"wp:attachment":[{"href":"https:\/\/www.kinderarzt-leoben.at\/mobile\/index.php?rest_route=%2Fwp%2Fv2%2Fmedia&parent=1208"}],"curies":[{"name":"wp","href":"https:\/\/api.w.org\/{rel}","templated":true}]}}